{"id":19,"date":"2012-03-27T17:51:01","date_gmt":"2012-03-27T15:51:01","guid":{"rendered":"http:\/\/timmey.ath.cx\/itsht\/wordpress\/?page_id=19"},"modified":"2025-06-06T00:40:23","modified_gmt":"2025-06-05T22:40:23","slug":"kontakt","status":"publish","type":"page","link":"https:\/\/itservices-ht.de\/?page_id=19","title":{"rendered":"Kontakt &#038; Datenschutz"},"content":{"rendered":"<p><span style=\"color: #ff0000;\">ACHTUNG! Hiermit wird ausdr\u00fccklich die Nutzung von im Rahmen der Impressumspflicht ver\u00f6ffentlichten Kontaktdaten durch Dritte zur \u00dcbersendung von nicht ausdr\u00fccklich angeforderter Werbung und Informationsmaterial widersprochen.<\/span><\/p>\n<p>Jeglicher Arbeitsaufwand zur Bearbeitung diesbez\u00fcglichen Materials wird mit unserem aktuell g\u00fcltigen Stundensatz zu <span style=\"color: #ff0000;\">\u20ac 90,00 (zzgl. MwSt.) pro begonnene Stunde<\/span>&nbsp; berechnet.<\/p>\n<p>F\u00fcr diese Seite und deren Inhalt verantwortlich nach dem Telemediengesetz und dem Staatsvertrag f\u00fcr Rundfunk und Telemedien (RStV):<\/p>\n<p>Henry Timko<\/p>\n<p>Dr.Rudolf-Friedr.Str.8<br \/>\n01454 Radeberg<br \/>\nE-Mail:<\/p>\n<p><code>ht im ko &lt;f\u00fclltext @f\u00fcr.com Spambots\/<\/code><\/p>\n<p>a t <\/p>\n<p>itservices &#8211; ht.de<\/p>\n<p>DIESE SCHREIBWEISE IST AUFGRUND DES ERH\u00d6HTEN AUFKOMMENS VON SPAM leider n\u00f6tig. Vielen Dank f\u00fcr Ihr Verst\u00e4ndnis<\/p>\n<p>Internet: www. itservices-ht .de<br \/>\nUmsatzsteuer-Identifikationsnummer gem\u00e4\u00df \u00a7 27 a Umsatzsteuergesetz: DE&nbsp; 278070248<\/p>\n<p>Haftungshinweis: Trotz sorgf\u00e4ltiger inhaltlicher Kontrolle \u00fcbernehmen wir keine Haftung f\u00fcr die Inhalte externer Links.<\/p>\n<p>F\u00fcr den Inhalt der verlinkten Seiten sind ausschlie\u00dflich deren Betreiber verantwortlich.<\/p>\n<p><strong>Datenschutzerkl\u00e4rung<\/strong>:<\/p>\n<p>Auf den Seite der Pr\u00e4senz itservices-ht.de werden keine pers\u00f6nlichen Daten abgefragt oder gespeichert,au\u00dfer:<\/p>\n<ul>\n<li>IP-Adressen der Besucher (tempor\u00e4r) um die technische Funktionalit\u00e4t bzw. Auslieferung der Webseite an Ihren Browser sicherzustellen sowie zum Nachweis eventueller Angriffe oder sch\u00e4dlichem Verhalten von Nutzern. Die Speicherzeit betr\u00e4gt im Regelfall 30 Tage<\/li>\n<li>Evtl. E-Mail-Adresse,Telefonnummer und\/oder Kontaktdaten soweit Sie uns \u00fcber die angegebenen Kontaktm\u00f6glichkeiten&nbsp; kontaktiert haben um Gesch\u00e4ftsbeziehungen mit uns aufzunehmen.<\/li>\n<\/ul>\n","protected":false},"excerpt":{"rendered":"<p>ACHTUNG! Hiermit wird ausdr\u00fccklich die Nutzung von im Rahmen der Impressumspflicht ver\u00f6ffentlichten Kontaktdaten durch Dritte zur \u00dcbersendung von nicht ausdr\u00fccklich angeforderter Werbung und Informationsmaterial widersprochen. Jeglicher Arbeitsaufwand zur Bearbeitung diesbez\u00fcglichen Materials wird mit unserem aktuell g\u00fcltigen Stundensatz zu \u20ac 90,00 (zzgl. MwSt.) pro begonnene Stunde&nbsp; berechnet. F\u00fcr diese Seite und deren Inhalt verantwortlich nach dem [&hellip;]<\/p>\n","protected":false},"author":1,"featured_media":0,"parent":0,"menu_order":99,"comment_status":"closed","ping_status":"open","template":"","meta":{"footnotes":""},"class_list":["post-19","page","type-page","status-publish","hentry"],"_links":{"self":[{"href":"https:\/\/itservices-ht.de\/index.php?rest_route=\/wp\/v2\/pages\/19","targetHints":{"allow":["GET"]}}],"collection":[{"href":"https:\/\/itservices-ht.de\/index.php?rest_route=\/wp\/v2\/pages"}],"about":[{"href":"https:\/\/itservices-ht.de\/index.php?rest_route=\/wp\/v2\/types\/page"}],"author":[{"embeddable":true,"href":"https:\/\/itservices-ht.de\/index.php?rest_route=\/wp\/v2\/users\/1"}],"replies":[{"embeddable":true,"href":"https:\/\/itservices-ht.de\/index.php?rest_route=%2Fwp%2Fv2%2Fcomments&post=19"}],"version-history":[{"count":23,"href":"https:\/\/itservices-ht.de\/index.php?rest_route=\/wp\/v2\/pages\/19\/revisions"}],"predecessor-version":[{"id":212,"href":"https:\/\/itservices-ht.de\/index.php?rest_route=\/wp\/v2\/pages\/19\/revisions\/212"}],"wp:attachment":[{"href":"https:\/\/itservices-ht.de\/index.php?rest_route=%2Fwp%2Fv2%2Fmedia&parent=19"}],"curies":[{"name":"wp","href":"https:\/\/api.w.org\/{rel}","templated":true}]}}