{"id":57,"date":"2012-03-29T16:01:05","date_gmt":"2012-03-29T14:01:05","guid":{"rendered":"http:\/\/timmey.ath.cx\/itsht\/wordpress\/?page_id=57"},"modified":"2013-03-27T12:16:06","modified_gmt":"2013-03-27T10:16:06","slug":"monitoring","status":"publish","type":"page","link":"https:\/\/itservices-ht.de\/?page_id=57","title":{"rendered":"Monitoring"},"content":{"rendered":"<p>Zeit ist Geld und jede Minute,die ein Server oder ein anderer wichtiger Teil Ihrer IT nicht l\u00e4uft ist verlorenes Geld.<\/p>\n<p>&nbsp;<\/p>\n<p>Wir \u00fcberwachen Ihre Infrastruktur auf St\u00f6rungen und benachrichtigen Sie bei Ausf\u00e4llen, so da\u00df Ihr Gesch\u00e4ft schnellstm\u00f6glich weiterl\u00e4uft.<\/p>\n<p>Optional \u00fcbernehmen wir die Pflege und die St\u00f6rungsbehebung ihrer IT-Landschaft, so da\u00df Probleme und Engp\u00e4sse fr\u00fchzeitig erkannt und behoben werden k\u00f6nnen &#8211; bevor es zum Ausfall kommt.<\/p>\n<p>&nbsp;<\/p>\n","protected":false},"excerpt":{"rendered":"<p>Zeit ist Geld und jede Minute,die ein Server oder ein anderer wichtiger Teil Ihrer IT nicht l\u00e4uft ist verlorenes Geld. &nbsp; Wir \u00fcberwachen Ihre Infrastruktur auf St\u00f6rungen und benachrichtigen Sie bei Ausf\u00e4llen, so da\u00df Ihr Gesch\u00e4ft schnellstm\u00f6glich weiterl\u00e4uft. Optional \u00fcbernehmen wir die Pflege und die St\u00f6rungsbehebung ihrer IT-Landschaft, so da\u00df Probleme und Engp\u00e4sse fr\u00fchzeitig erkannt [&hellip;]<\/p>\n","protected":false},"author":1,"featured_media":0,"parent":13,"menu_order":0,"comment_status":"closed","ping_status":"open","template":"","meta":{"footnotes":""},"class_list":["post-57","page","type-page","status-publish","hentry"],"_links":{"self":[{"href":"https:\/\/itservices-ht.de\/index.php?rest_route=\/wp\/v2\/pages\/57","targetHints":{"allow":["GET"]}}],"collection":[{"href":"https:\/\/itservices-ht.de\/index.php?rest_route=\/wp\/v2\/pages"}],"about":[{"href":"https:\/\/itservices-ht.de\/index.php?rest_route=\/wp\/v2\/types\/page"}],"author":[{"embeddable":true,"href":"https:\/\/itservices-ht.de\/index.php?rest_route=\/wp\/v2\/users\/1"}],"replies":[{"embeddable":true,"href":"https:\/\/itservices-ht.de\/index.php?rest_route=%2Fwp%2Fv2%2Fcomments&post=57"}],"version-history":[{"count":8,"href":"https:\/\/itservices-ht.de\/index.php?rest_route=\/wp\/v2\/pages\/57\/revisions"}],"predecessor-version":[{"id":132,"href":"https:\/\/itservices-ht.de\/index.php?rest_route=\/wp\/v2\/pages\/57\/revisions\/132"}],"up":[{"embeddable":true,"href":"https:\/\/itservices-ht.de\/index.php?rest_route=\/wp\/v2\/pages\/13"}],"wp:attachment":[{"href":"https:\/\/itservices-ht.de\/index.php?rest_route=%2Fwp%2Fv2%2Fmedia&parent=57"}],"curies":[{"name":"wp","href":"https:\/\/api.w.org\/{rel}","templated":true}]}}