{"id":79,"date":"2012-04-03T17:38:56","date_gmt":"2012-04-03T15:38:56","guid":{"rendered":"http:\/\/timmey.ath.cx\/itsht\/wordpress\/?page_id=79"},"modified":"2013-03-27T12:16:06","modified_gmt":"2013-03-27T10:16:06","slug":"pc-und-serversysteme","status":"publish","type":"page","link":"https:\/\/itservices-ht.de\/?page_id=79","title":{"rendered":"PC und Serversysteme"},"content":{"rendered":"<p>Anschaffung neuer Arbeitspl\u00e4tze oder Auf\/Umr\u00fcstung des privaten PC ? Auch hier stehen wir ihnen mit Rat und Tat sowie der Beschaffung zur Seite<\/p>\n<p>Selbstverst\u00e4ndlich besteht die M\u00f6glichkeit ihr individuelles Wunschsystem zu erstellen<\/p>\n<p>Und sollte Ihr PC irgendwann einfach zu alt sein, nehmen wir das Ger\u00e4t selbstverst\u00e4ndlich kosteng\u00fcnstig zur\u00fcck und f\u00fchren es einer sachgerechten Verwertung zu.<\/p>\n<p>&#8212;&#8212;&#8212;&#8212;&#8212;&#8212;&#8212;&#8212;&#8212;&#8212;&#8212;&#8212;&#8212;&#8212;&#8212;&#8212;&#8212;&#8212;&#8212;&#8212;&#8212;&#8212;&#8212;&#8212;<\/p>\n<p>Migration auf aktuelle Windows- und Linux-Systeme ,Systemsetup<\/p>\n<p>&#8212;&#8212;&#8212;&#8212;&#8212;&#8212;&#8212;&#8212;&#8212;&#8212;&#8212;&#8212;&#8212;&#8212;&#8212;&#8212;&#8212;&#8212;&#8212;&#8212;&#8212;&#8212;&#8212;&#8212;<\/p>\n<p>Weiterhin richten wir Ihren Wunschserver auf Open Source oder Windows-Basis bedarfsgerecht auf die von Ihnen geforderten Aufgaben ein.<\/p>\n","protected":false},"excerpt":{"rendered":"<p>Anschaffung neuer Arbeitspl\u00e4tze oder Auf\/Umr\u00fcstung des privaten PC ? Auch hier stehen wir ihnen mit Rat und Tat sowie der Beschaffung zur Seite Selbstverst\u00e4ndlich besteht die M\u00f6glichkeit ihr individuelles Wunschsystem zu erstellen Und sollte Ihr PC irgendwann einfach zu alt sein, nehmen wir das Ger\u00e4t selbstverst\u00e4ndlich kosteng\u00fcnstig zur\u00fcck und f\u00fchren es einer sachgerechten Verwertung zu. [&hellip;]<\/p>\n","protected":false},"author":1,"featured_media":0,"parent":13,"menu_order":0,"comment_status":"closed","ping_status":"open","template":"","meta":{"footnotes":""},"class_list":["post-79","page","type-page","status-publish","hentry"],"_links":{"self":[{"href":"https:\/\/itservices-ht.de\/index.php?rest_route=\/wp\/v2\/pages\/79","targetHints":{"allow":["GET"]}}],"collection":[{"href":"https:\/\/itservices-ht.de\/index.php?rest_route=\/wp\/v2\/pages"}],"about":[{"href":"https:\/\/itservices-ht.de\/index.php?rest_route=\/wp\/v2\/types\/page"}],"author":[{"embeddable":true,"href":"https:\/\/itservices-ht.de\/index.php?rest_route=\/wp\/v2\/users\/1"}],"replies":[{"embeddable":true,"href":"https:\/\/itservices-ht.de\/index.php?rest_route=%2Fwp%2Fv2%2Fcomments&post=79"}],"version-history":[{"count":9,"href":"https:\/\/itservices-ht.de\/index.php?rest_route=\/wp\/v2\/pages\/79\/revisions"}],"predecessor-version":[{"id":134,"href":"https:\/\/itservices-ht.de\/index.php?rest_route=\/wp\/v2\/pages\/79\/revisions\/134"}],"up":[{"embeddable":true,"href":"https:\/\/itservices-ht.de\/index.php?rest_route=\/wp\/v2\/pages\/13"}],"wp:attachment":[{"href":"https:\/\/itservices-ht.de\/index.php?rest_route=%2Fwp%2Fv2%2Fmedia&parent=79"}],"curies":[{"name":"wp","href":"https:\/\/api.w.org\/{rel}","templated":true}]}}