{"id":89,"date":"2012-04-03T18:29:14","date_gmt":"2012-04-03T16:29:14","guid":{"rendered":"http:\/\/timmey.ath.cx\/itsht\/wordpress\/?page_id=89"},"modified":"2013-03-27T12:16:06","modified_gmt":"2013-03-27T10:16:06","slug":"e-mail-service","status":"publish","type":"page","link":"https:\/\/itservices-ht.de\/?page_id=89","title":{"rendered":"E-Mail Service"},"content":{"rendered":"<p>Sie ben\u00f6tigen einen externen E-Mail-Service oder ein Mailrelay? Sie m\u00f6chten keine Mail bei einem eventuellen Ausfall Ihres Mailservers verlieren und ben\u00f6tigen im Bedarfsfall eine Backupl\u00f6sung<\/p>\n<p>Kein Problem. Wir k\u00f6nnen Ihnen bedarfsgerechte E-Mail Pakete mit entsprechendem Speicherkontingent anbieten.<\/p>\n<p>Grundlegend mit aktuellem Spamfilter und Antivirenscanner.<\/p>\n","protected":false},"excerpt":{"rendered":"<p>Sie ben\u00f6tigen einen externen E-Mail-Service oder ein Mailrelay? Sie m\u00f6chten keine Mail bei einem eventuellen Ausfall Ihres Mailservers verlieren und ben\u00f6tigen im Bedarfsfall eine Backupl\u00f6sung Kein Problem. Wir k\u00f6nnen Ihnen bedarfsgerechte E-Mail Pakete mit entsprechendem Speicherkontingent anbieten. Grundlegend mit aktuellem Spamfilter und Antivirenscanner.<\/p>\n","protected":false},"author":1,"featured_media":0,"parent":13,"menu_order":0,"comment_status":"closed","ping_status":"open","template":"","meta":{"footnotes":""},"class_list":["post-89","page","type-page","status-publish","hentry"],"_links":{"self":[{"href":"https:\/\/itservices-ht.de\/index.php?rest_route=\/wp\/v2\/pages\/89","targetHints":{"allow":["GET"]}}],"collection":[{"href":"https:\/\/itservices-ht.de\/index.php?rest_route=\/wp\/v2\/pages"}],"about":[{"href":"https:\/\/itservices-ht.de\/index.php?rest_route=\/wp\/v2\/types\/page"}],"author":[{"embeddable":true,"href":"https:\/\/itservices-ht.de\/index.php?rest_route=\/wp\/v2\/users\/1"}],"replies":[{"embeddable":true,"href":"https:\/\/itservices-ht.de\/index.php?rest_route=%2Fwp%2Fv2%2Fcomments&post=89"}],"version-history":[{"count":6,"href":"https:\/\/itservices-ht.de\/index.php?rest_route=\/wp\/v2\/pages\/89\/revisions"}],"predecessor-version":[{"id":130,"href":"https:\/\/itservices-ht.de\/index.php?rest_route=\/wp\/v2\/pages\/89\/revisions\/130"}],"up":[{"embeddable":true,"href":"https:\/\/itservices-ht.de\/index.php?rest_route=\/wp\/v2\/pages\/13"}],"wp:attachment":[{"href":"https:\/\/itservices-ht.de\/index.php?rest_route=%2Fwp%2Fv2%2Fmedia&parent=89"}],"curies":[{"name":"wp","href":"https:\/\/api.w.org\/{rel}","templated":true}]}}